{"id":33,"date":"2022-04-15T10:12:28","date_gmt":"2022-04-15T08:12:28","guid":{"rendered":"https:\/\/ledinanga.com\/?page_id=33"},"modified":"2026-02-08T18:39:59","modified_gmt":"2026-02-08T17:39:59","slug":"chambres-dhotes","status":"publish","type":"page","link":"https:\/\/ledinanga.com\/?page_id=33","title":{"rendered":""},"content":{"rendered":"\n<p><\/p>\n\n\n\n<h2 class=\"wp-block-heading has-text-align-center\"><strong>Les Chambres d&rsquo;H\u00f4tes<\/strong><\/h2>\n\n\n\n<p><\/p>\n\n\n\n<p><\/p>\n\n\n\n<p class=\"has-text-align-center\">Venez vous ressourcer dans l&rsquo;une de nos Chambres spacieuses :<\/p>\n\n\n\n<p class=\"has-text-align-center\"><em><br>Les 3 chambres du Dinanga poss\u00e8dent les qualit\u00e9s qui feront de votre s\u00e9jour un moment de repos agr\u00e9able et pr\u00e9cieux.<br>Situ\u00e9es au premier \u00e9tage du b\u00e2timent principal de notre demeure, chacune poss\u00e8de une salle de bain \u00e9quip\u00e9e d&rsquo;une baignoire, un toilette, un coin caf\u00e9, des draps, des serviettes et d&rsquo;un acc\u00e8s Wifi.<\/em><\/p>\n\n\n\n<p class=\"has-text-align-center\"><br><em>Durant votre s\u00e9jour vous pourrez \u00e9galement profiter :<br>&#8211; de l&rsquo;espace repos dans lequel sont \u00e0 disposition livres et jeux de soci\u00e9t\u00e9<br>&#8211; du jardin calme et fleuri<br>&#8211; de la piscine et de ses bains de soleil \u00e0 partir du mois de juin et selon la m\u00e9t\u00e9o<\/em><\/p>\n\n\n\n<p class=\"has-text-align-center\"><em><br>Un petit d\u00e9jeuner copieux et raffin\u00e9 est compris dans le prix de la chambre (boisson chaude, jus de fruits, beurre, confiture, pain, yaourt, muesli et croissant)<\/em><\/p>\n\n\n\n<div style=\"height:100px\" aria-hidden=\"true\" class=\"wp-block-spacer\"><\/div>\n\n\n\n<h2 class=\"wp-block-heading has-text-align-center\">JADE<\/h2>\n\n\n\n<div style=\"height:100px\" aria-hidden=\"true\" class=\"wp-block-spacer\"><\/div>\n\n\n\n<figure class=\"wp-block-image size-full\"><img loading=\"lazy\" decoding=\"async\" width=\"2560\" height=\"1922\" src=\"https:\/\/ledinanga.com\/wp-content\/uploads\/2024\/04\/1712747346415-1-scaled.jpg\" alt=\"\" class=\"wp-image-457\" srcset=\"https:\/\/ledinanga.com\/wp-content\/uploads\/2024\/04\/1712747346415-1-scaled.jpg 2560w, https:\/\/ledinanga.com\/wp-content\/uploads\/2024\/04\/1712747346415-1-300x225.jpg 300w, https:\/\/ledinanga.com\/wp-content\/uploads\/2024\/04\/1712747346415-1-1024x769.jpg 1024w, https:\/\/ledinanga.com\/wp-content\/uploads\/2024\/04\/1712747346415-1-768x577.jpg 768w, https:\/\/ledinanga.com\/wp-content\/uploads\/2024\/04\/1712747346415-1-1536x1153.jpg 1536w, https:\/\/ledinanga.com\/wp-content\/uploads\/2024\/04\/1712747346415-1-2048x1538.jpg 2048w, https:\/\/ledinanga.com\/wp-content\/uploads\/2024\/04\/1712747346415-1-400x300.jpg 400w\" sizes=\"auto, (max-width: 2560px) 100vw, 2560px\" \/><\/figure>\n\n\n\n<div style=\"height:100px\" aria-hidden=\"true\" class=\"wp-block-spacer\"><\/div>\n\n\n\n<p class=\"has-text-align-center\">  <em>Donnant sur l&rsquo;entr\u00e9e du parc, la suite de la maison vous apportera un moment de calme et de d\u00e9contraction.<\/em><\/p>\n\n\n\n<p class=\"has-text-align-center\"><em>La jade est une pierre d\u00e9crite comme apaisante, apportant calme et s\u00e9r\u00e9nit\u00e9.<\/em><\/p>\n\n\n\n<p class=\"has-text-align-center\"><em>Id\u00e9ale pour un moment de repos dans notre belle r\u00e9gion \u00e0 d\u00e9couvrir. <\/em><\/p>\n\n\n\n<div style=\"height:100px\" aria-hidden=\"true\" class=\"wp-block-spacer\"><\/div>\n\n\n\n<h2 class=\"wp-block-heading has-text-align-center\">LAPIS LAZULI<\/h2>\n\n\n\n<div style=\"height:100px\" aria-hidden=\"true\" class=\"wp-block-spacer\"><\/div>\n\n\n\n<div class=\"wp-block-columns is-layout-flex wp-container-core-columns-is-layout-9d6595d7 wp-block-columns-is-layout-flex\">\n<div class=\"wp-block-column is-layout-flow wp-block-column-is-layout-flow\" style=\"flex-basis:100%\"><div class=\"wp-block-image is-resized\">\n<figure class=\"aligncenter size-full\"><img loading=\"lazy\" decoding=\"async\" width=\"2560\" height=\"1922\" src=\"https:\/\/ledinanga.com\/wp-content\/uploads\/2024\/04\/1712747401498-1-scaled.jpg\" alt=\"\" class=\"wp-image-461\" srcset=\"https:\/\/ledinanga.com\/wp-content\/uploads\/2024\/04\/1712747401498-1-scaled.jpg 2560w, https:\/\/ledinanga.com\/wp-content\/uploads\/2024\/04\/1712747401498-1-300x225.jpg 300w, https:\/\/ledinanga.com\/wp-content\/uploads\/2024\/04\/1712747401498-1-1024x769.jpg 1024w, https:\/\/ledinanga.com\/wp-content\/uploads\/2024\/04\/1712747401498-1-768x577.jpg 768w, https:\/\/ledinanga.com\/wp-content\/uploads\/2024\/04\/1712747401498-1-1536x1153.jpg 1536w, https:\/\/ledinanga.com\/wp-content\/uploads\/2024\/04\/1712747401498-1-2048x1538.jpg 2048w, https:\/\/ledinanga.com\/wp-content\/uploads\/2024\/04\/1712747401498-1-400x300.jpg 400w\" sizes=\"auto, (max-width: 2560px) 100vw, 2560px\" \/><\/figure>\n<\/div><\/div>\n<\/div>\n\n\n\n<div style=\"height:100px\" aria-hidden=\"true\" class=\"wp-block-spacer\"><\/div>\n\n\n\n<p class=\"has-text-align-center\"><em>Cette chambre donnant sur le jardin est calme et lumineuse.<\/em><\/p>\n\n\n\n<p class=\"has-text-align-center\"><em>Pour palier \u00e0 l&rsquo;anxi\u00e9t\u00e9 et \u00e0 la nervosit\u00e9 qui peuvent parfois accompagner nos vies, cette chambre porte le nom d&rsquo;une pierre qui contribue \u00e0 r\u00e9duire le stress et \u00e0 bien dormir<\/em> la Lapis Lazuli.<\/p>\n\n\n\n<p class=\"has-text-align-center\"><em>Vous appr\u00e9cierez cette escale zen au c\u0153ur de notre r\u00e9gion en pleine effervescence. <\/em><\/p>\n\n\n\n<div style=\"height:100px\" aria-hidden=\"true\" class=\"wp-block-spacer\"><\/div>\n\n\n\n<h2 class=\"wp-block-heading has-text-align-center\">PIERRE DE LUNE<\/h2>\n\n\n\n<div style=\"height:100px\" aria-hidden=\"true\" class=\"wp-block-spacer\"><\/div>\n\n\n\n<div class=\"wp-block-columns is-layout-flex wp-container-core-columns-is-layout-9d6595d7 wp-block-columns-is-layout-flex\">\n<div class=\"wp-block-column is-layout-flow wp-block-column-is-layout-flow\" style=\"flex-basis:100%\"><div class=\"wp-block-image is-resized\">\n<figure class=\"alignright size-full\"><img loading=\"lazy\" decoding=\"async\" width=\"2560\" height=\"1922\" src=\"https:\/\/ledinanga.com\/wp-content\/uploads\/2024\/04\/1712747415239-scaled.jpg\" alt=\"\" class=\"wp-image-465\" srcset=\"https:\/\/ledinanga.com\/wp-content\/uploads\/2024\/04\/1712747415239-scaled.jpg 2560w, https:\/\/ledinanga.com\/wp-content\/uploads\/2024\/04\/1712747415239-300x225.jpg 300w, https:\/\/ledinanga.com\/wp-content\/uploads\/2024\/04\/1712747415239-1024x769.jpg 1024w, https:\/\/ledinanga.com\/wp-content\/uploads\/2024\/04\/1712747415239-768x577.jpg 768w, https:\/\/ledinanga.com\/wp-content\/uploads\/2024\/04\/1712747415239-1536x1153.jpg 1536w, https:\/\/ledinanga.com\/wp-content\/uploads\/2024\/04\/1712747415239-2048x1538.jpg 2048w, https:\/\/ledinanga.com\/wp-content\/uploads\/2024\/04\/1712747415239-400x300.jpg 400w\" sizes=\"auto, (max-width: 2560px) 100vw, 2560px\" \/><\/figure>\n<\/div><\/div>\n<\/div>\n\n\n\n<div style=\"height:100px\" aria-hidden=\"true\" class=\"wp-block-spacer\"><\/div>\n\n\n\n<p class=\"has-text-align-center\"><em>Pr\u00e9lassez vous dans cette chambre cocooning offrant une grande vue sur le parc de notre maison. <\/em><\/p>\n\n\n\n<p class=\"has-text-align-center\"><em>La pierre de Lune bienveillante et positive permet d&rsquo;acc\u00e9der \u00e0 un \u00e9tat de qui\u00e9tude et de paix int\u00e9rieur, elle est excellente pour se relaxer et l\u00e2cher prise.<\/em><\/p>\n\n\n\n<p class=\"has-text-align-center\"><em>Accordez-vous un moment de qui\u00e9tude entre Lac et Montagnes.<\/em><\/p>\n\n\n\n<div style=\"height:100px\" aria-hidden=\"true\" class=\"wp-block-spacer\"><\/div>\n\n\n\n<h2 class=\"wp-block-heading has-text-align-center\">Les tarifs: <\/h2>\n\n\n\n<p class=\"has-text-align-center\">Le prix des chambres comprend la location pour une nuit, les draps, serviettes de bain et le petit d\u00e9jeuner. Nous ajouterons \u00e0 ce prix la taxe de s\u00e9jour.<\/p>\n\n\n\n<p class=\"has-text-align-center\">Tarifs de octobre \u00e0 Mai : Pour une nuit les chambres Pierre de lune et Lapis Lazuli sont \u00e0 78 euros pour 2 personnes (25 euros par personne suppl\u00e9mentaire). La Jade est \u00e0 85 euros la nuit pour deux personnes.<\/p>\n\n\n\n<p class=\"has-text-align-center\">Tarifs de Juin \u00e0 Septembre : Pour une nuit les chambres Pierre de lune et Lapis Lazuli sont \u00e0 95 euros pour 2 personnes (25 euros par personne suppl\u00e9mentaire). La Jade est \u00e0 100 euros la nuit pour deux personnes.<\/p>\n\n\n\n<p class=\"has-text-align-center\">Des offres \u00ab\u00a0tarifs de  groupe\u00a0\u00bb ou \u00ab\u00a0semaine compl\u00e8te\u00a0\u00bb sont \u00e9galement disponibles sur demande. <\/p>\n\n\n\n<p class=\"has-text-align-center\">La r\u00e9servation est indispensable pour un confort de fonctionnement,<\/p>\n\n\n\n<p class=\"has-text-align-center\">celle-ci ne sera effective qu\u2019apr\u00e8s un appel t\u00e9l\u00e9phonique ou un e-mail, ainsi que la r\u00e9ception par virement de 50% du prix de la location.<\/p>\n\n\n\n<p><\/p>\n\n\n\n<p class=\"has-text-align-center\">\ud83d\udc3e <strong>Nos amis \u00e0 quatre pattes sont les bienvenus !<\/strong><\/p>\n\n\n\n<p class=\"has-text-align-center\">Nous sommes ravis d&rsquo;accueillir vos compagnons lors de votre s\u00e9jour. Afin d&rsquo;assurer le confort de tous, merci de respecter les consignes suivantes :<\/p>\n\n\n\n<h4 class=\"wp-block-heading\">\ud83d\udcb6 <strong>Tarif pour votre compagnon<\/strong><\/h4>\n\n\n\n<ul class=\"wp-block-list\">\n<li><strong>5 \u20ac par chien<\/strong> pour un s\u00e9jour d&rsquo;une nuit.<br><em>(Ce tarif couvre un m\u00e9nage sp\u00e9cifique apr\u00e8s leur passage.)<\/em><\/li>\n<\/ul>\n\n\n\n<h4 class=\"wp-block-heading\">\ud83d\udccb <strong>R\u00e8gles \u00e0 respecter<\/strong><\/h4>\n\n\n\n<ul class=\"wp-block-list\">\n<li><strong>Tenue en laisse<\/strong> obligatoire dans l&rsquo;ensemble de la propri\u00e9t\u00e9, y compris le jardin.<\/li>\n\n\n\n<li><strong>Sortie des besoins<\/strong> : vos animaux doivent \u00eatre sortis \u00e0 l&rsquo;ext\u00e9rieur de la propri\u00e9t\u00e9.<br><em>(Notre jardin \u00e9tant \u00e9galement la terrasse d&rsquo;un restaurant, il est important de le pr\u00e9server.)<\/em><\/li>\n\n\n\n<li><strong>Ne jamais laisser seul<\/strong> votre animal dans la chambre.<\/li>\n\n\n\n<li><strong>Interdiction<\/strong> de monter sur les lits, canap\u00e9s, rebords de fen\u00eatres ou murs.<\/li>\n\n\n\n<li><strong>Responsabilit\u00e9<\/strong> : tout dommage ou non-respect des r\u00e8gles pourra entra\u00eener des frais suppl\u00e9mentaires.<\/li>\n<\/ul>\n\n\n\n<h4 class=\"wp-block-heading\">\ud83d\udc15 <strong>Conseils pour un s\u00e9jour agr\u00e9able<\/strong><\/h4>\n\n\n\n<p>Apportez le n\u00e9cessaire pour votre animal : panier, couverture, jouets, gamelles.Veillez \u00e0 ce que votre compagnon ne d\u00e9range pas les autres clients.<\/p>\n\n\n\n<h2 class=\"wp-block-heading has-text-align-center\">Les horaires:<\/h2>\n\n\n\n<p class=\"has-text-align-center\">Les arriv\u00e9es peuvent se faire a partir de 16h30<\/p>\n\n\n\n<p class=\"has-text-align-center\">Les d\u00e9parts doivent se faire avant 11h<\/p>\n\n\n\n<p class=\"has-text-align-center\">Le petit d\u00e9jeuner sera servi entre 8h30 et 10h<\/p>\n\n\n\n<p><\/p>\n\n\n\n<h2 class=\"wp-block-heading has-text-align-center\"><\/h2>\n\n\n\n<p><\/p>\n\n\n\n<p><\/p>\n","protected":false},"excerpt":{"rendered":"<p>Les Chambres d&rsquo;H\u00f4tes Venez vous ressourcer dans l&rsquo;une de nos Chambres spacieuses : Les 3 chambres du Dinanga poss\u00e8dent les qualit\u00e9s qui feront de votre &hellip;<\/p>\n","protected":false},"author":1,"featured_media":95,"parent":0,"menu_order":0,"comment_status":"closed","ping_status":"closed","template":"","meta":{"footnotes":""},"class_list":["post-33","page","type-page","status-publish","has-post-thumbnail","hentry"],"_links":{"self":[{"href":"https:\/\/ledinanga.com\/index.php?rest_route=\/wp\/v2\/pages\/33","targetHints":{"allow":["GET"]}}],"collection":[{"href":"https:\/\/ledinanga.com\/index.php?rest_route=\/wp\/v2\/pages"}],"about":[{"href":"https:\/\/ledinanga.com\/index.php?rest_route=\/wp\/v2\/types\/page"}],"author":[{"embeddable":true,"href":"https:\/\/ledinanga.com\/index.php?rest_route=\/wp\/v2\/users\/1"}],"replies":[{"embeddable":true,"href":"https:\/\/ledinanga.com\/index.php?rest_route=%2Fwp%2Fv2%2Fcomments&post=33"}],"version-history":[{"count":53,"href":"https:\/\/ledinanga.com\/index.php?rest_route=\/wp\/v2\/pages\/33\/revisions"}],"predecessor-version":[{"id":494,"href":"https:\/\/ledinanga.com\/index.php?rest_route=\/wp\/v2\/pages\/33\/revisions\/494"}],"wp:featuredmedia":[{"embeddable":true,"href":"https:\/\/ledinanga.com\/index.php?rest_route=\/wp\/v2\/media\/95"}],"wp:attachment":[{"href":"https:\/\/ledinanga.com\/index.php?rest_route=%2Fwp%2Fv2%2Fmedia&parent=33"}],"curies":[{"name":"wp","href":"https:\/\/api.w.org\/{rel}","templated":true}]}}